{"id":1535,"date":"2020-01-02T13:57:31","date_gmt":"2020-01-02T12:57:31","guid":{"rendered":"http:\/\/usc-triathlon.de\/wp2\/?page_id=1535"},"modified":"2026-01-23T13:34:03","modified_gmt":"2026-01-23T12:34:03","slug":"organisatorisches-zum-uni-triathlon","status":"publish","type":"page","link":"https:\/\/usc-triathlon.de\/wp2\/der-uni-triathlon\/organisatorisches-zum-uni-triathlon\/","title":{"rendered":"Organisatorisches zum UNI-TRIATHLON"},"content":{"rendered":"\n<p><\/p>\n\n\n\n<p><strong>Termine<\/strong><\/p>\n\n\n\n<ol class=\"wp-block-list\">\n<li><strong>Wettkampftermin:<\/strong>\u00a0Mittwoch, 10. Juni 2026<\/li>\n\n\n\n<li><strong>Einlass:<\/strong>\u00a0ab 14.00Uhr<\/li>\n\n\n\n<li><strong>Freigabe der Nachmeldungen:<\/strong>&nbsp;ab 17.00Uhr werden Nachmeldungen entgegen genommen, sofern Kapazit\u00e4ten vorhanden sind. Bis dahin sollten die Teilnehmer, die angemeldet sind, jedoch noch nicht bezahlt haben, eingecheckt sein, da sonst der Startplatz f\u00fcr Nachmelder wieder frei gegeben wird.<\/li>\n\n\n\n<li><strong>Letzte Durchsagen und Hinweise zum Wettkampf durch die Wettkampfleitung:<\/strong><br>Hauptwettkampf:17.45Uhr<\/li>\n\n\n\n<li><strong>Start des Teilnehmerfeldes:<\/strong><br>Hauptwettkampf: 18.20Uhr<\/li>\n\n\n\n<li><strong>Nachmeldungen:<\/strong>&nbsp;bis 60min vor dem Start m\u00f6glich.<\/li>\n<\/ol>\n\n\n\n<p><strong>Allgemeine Informationen <\/strong><\/p>\n\n\n\n<ol class=\"wp-block-list\">\n<li><strong>Veranstalter:<\/strong><br>USC Magdeburg, Abteilung Triathlon in Zusammenarbeit mit dem Sportzentrum der Universit\u00e4t Magdeburg <\/li>\n\n\n\n<li><strong>Art des Wettkampfes:&nbsp;<\/strong>Vokstriathlon \/ Sprintdistanz<\/li>\n\n\n\n<li><strong>Ort:&nbsp;<\/strong>Magdeburg, Barleber See, Autobahn A2 &#8211; Abfahrt Rothensee<\/li>\n\n\n\n<li><strong>Streckenl\u00e4ngen:<\/strong><br>Hauptwettkampf: 850 m Schwimmen; 20 km Radfahren; ca. 5 km Laufen<\/li>\n\n\n\n<li><strong>Altersbegrenzung:<\/strong><br>Mindestalter 16 Jahre<\/li>\n\n\n\n<li><strong>Leistungen des Veranstalters:&nbsp;<\/strong>Pr\u00e4mien f\u00fcr die Gesamtwertung und AK-Wertung, T-Shirt (wenn bei der Anmeldung bestellt), Wettkampf-Verpflegung (Getr\u00e4nke, Obst)<\/li>\n\n\n\n<li><strong>Anmeldung nur Online:\u00a0<a href=\"https:\/\/my.raceresult.com\/380134\/\" data-type=\"link\" data-id=\"https:\/\/my.raceresult.com\/321291\/\" target=\"_blank\" rel=\"noreferrer noopener\">Online anmelden, hier klicken<\/a>!<\/strong><\/li>\n\n\n\n<li><strong>Windschattenfahren:<\/strong><br>Das Windschattenfahren ist&nbsp;nicht&nbsp;gestattet. Verst\u00f6\u00dfe werden mit Zeitstrafe geahndet.<\/li>\n\n\n\n<li><strong>Helmpflicht:<\/strong><br>Das Tragen eines Helmes ist f\u00fcr jeden Starter Pflicht! Starter ohne Helm k\u00f6nnen nicht zum Wettkampf zugelassen werden. <\/li>\n\n\n\n<li><strong>Verkehrsregeln:<\/strong><br>Es gelten die Bedingungen der Stra\u00dfenverkehrsordnung. Durch Polizei und Helfer wird die Strecke soweit es m\u00f6glich ist gekennzeichnet und abgesichert. Trotzdem ist jeder Starter verpflichtet, sich an die g\u00fcltige Stra\u00dfenverkehrsordnung zu halten. F\u00fcr Sch\u00e4den an Gesundheit und Material, die aus Verst\u00f6\u00dfen gegen die Stra\u00dfenverkehrsordnung resultieren, haftet der Veranstalter nicht.<\/li>\n\n\n\n<li><strong>Zeitnahme:<\/strong><br><a href=\"https:\/\/www.berlin-timing.de\" target=\"_blank\" rel=\"noreferrer noopener\"><strong>Berlin Timing<\/strong><\/a><\/li>\n\n\n\n<li><strong>Anmeldung:<\/strong><br>Eine Anmeldung zum UNI-TRIATHLON Magdeburg ist <strong>nur online<\/strong>&nbsp;m\u00f6glich<\/li>\n\n\n\n<li><strong>Leistungen des Veranstalters:<\/strong><br>Sachpr\u00e4mien f\u00fcr die Gesamtwertung und AK-Wertung, Wettkampf-Verpflegung (Getr\u00e4nke, Obst) m\u00f6glich<\/li>\n<\/ol>\n\n\n\n<p><strong>Streckenf\u00fchrung<\/strong><\/p>\n\n\n\n<figure class=\"wp-block-table\"><table><tbody><tr><td><strong>Schwimmen<\/strong><br><br><a href=\"https:\/\/maps.google.de\/maps\/ms?msa=0&amp;msid=217324503955721336627.0004a5fa13d3e88750df6\" target=\"_blank\" rel=\"noreferrer noopener\"><\/a><br><a href=\"https:\/\/maps.google.de\/maps\/ms?msa=0&amp;msid=217324503955721336627.0004a5fa13d3e88750df6\" target=\"_blank\" rel=\"noreferrer noopener\">Auf Google Maps ansehen.<\/a><\/td><td><strong>Radfahren<\/strong><br><br><a href=\"https:\/\/maps.google.de\/maps\/ms?msa=0&amp;msid=217324503955721336627.0004a5f9883debae740ee\" target=\"_blank\" rel=\"noreferrer noopener\"><\/a><br><a href=\"https:\/\/maps.google.de\/maps\/ms?msa=0&amp;msid=217324503955721336627.0004a5f9883debae740ee\" target=\"_blank\" rel=\"noreferrer noopener\">Auf Google Maps ansehen.<\/a><\/td><td><strong>Laufen<\/strong><br><br><a href=\"https:\/\/maps.google.de\/maps\/ms?msa=0&amp;msid=217324503955721336627.0004a5f9d12516f9b7b4b\" target=\"_blank\" rel=\"noreferrer noopener\"><\/a><br><a href=\"https:\/\/maps.google.de\/maps\/ms?msa=0&amp;msid=217324503955721336627.0004a5f9d12516f9b7b4b\" target=\"_blank\" rel=\"noreferrer noopener\">Auf Google Maps ansehen.<\/a><\/td><\/tr><\/tbody><\/table><\/figure>\n\n\n\n<p><strong>Startgeb\u00fchren<\/strong><\/p>\n\n\n\n<p>Fr\u00fchbucher: 35,00\u20ac (01. bis 28.02.)<br>Normalpreis: 45,00\u20ac (01.03. bis 30.05.)<br>Aufschlag f\u00fcr Nachmeldungen: 10,00\u20ac<br>Rabatt f\u00fcr Sch\u00fcler*Innen, Studierende und Teilnehmer*Innen ab 7. Teilnahme: -5,00\u20ac<\/p>\n\n\n\n<p><em>Transponderpfand<\/em><br>Jede Teilnehmerin\/jeder Teilnehmer erh\u00e4lt f\u00fcr die Zeitnahme einen Transponder f\u00fcr die Zeitmessung, der nach Beendigung des Wettkampfes im Ziel abgegeben werden muss. Wird der Transponder nicht beim Veranstalter abgegeben oder besch\u00e4digt, wird der betreffenden Teilnehmerin\/ dem betreffenden Teilnehmer eine Geb\u00fchr von 20\u20ac in Rechnung gestellt.<\/p>\n\n\n\n<p><strong>Der 36. SPARKASSEN UNI-TRIATHLON wird unterst\u00fctzt von:<\/strong><\/p>\n\n\n\n<ul class=\"wp-block-list\">\n<li><a href=\"https:\/\/www.sparkasse-magdeburg.de\" target=\"_blank\" rel=\"noreferrer noopener\">Sparkasse MagdeBurg<\/a><\/li>\n\n\n\n<li><a href=\"https:\/\/www.sw-magdeburg.de\" target=\"_blank\" rel=\"noreferrer noopener\">SWM Magdeburg<\/a><\/li>\n\n\n\n<li><a href=\"https:\/\/www.ovgu.de\" target=\"_blank\" rel=\"noreferrer noopener\">Otto-von-Guericke-Universit\u00e4t Magdeburg<\/a><\/li>\n\n\n\n<li><a href=\"https:\/\/usc-magdeburg.de\" target=\"_blank\" rel=\"noreferrer noopener\">USC Magdeburg<\/a><\/li>\n\n\n\n<li><a href=\"https:\/\/www.magdeburg-hafen.de\/home.html\" target=\"_blank\" rel=\"noreferrer noopener\">Hafengesellschaft Magdeburg<\/a><\/li>\n\n\n\n<li><a href=\"https:\/\/www.plasmaservice.de\" target=\"_blank\" rel=\"noreferrer noopener\">Plasmaservice Magdeburg<\/a><\/li>\n\n\n\n<li><a href=\"https:\/\/www.bbsovg-magdeburg.de\" target=\"_blank\" rel=\"noreferrer noopener\">Berufsbildende Schulen &#8222;Otto von Guericke&#8220; Magdeburg<\/a><\/li>\n\n\n\n<li><a href=\"https:\/\/www.sport-altenried.de\" target=\"_blank\" rel=\"noreferrer noopener\">Sport Altenried<\/a><\/li>\n<\/ul>\n","protected":false},"excerpt":{"rendered":"<p>Termine Allgemeine Informationen Streckenf\u00fchrung Schwimmen Auf Google Maps ansehen. Radfahren Auf Google Maps ansehen. Laufen Auf Google Maps ansehen. Startgeb\u00fchren Fr\u00fchbucher: 35,00\u20ac (01. bis 28.02.)Normalpreis: 45,00\u20ac (01.03. bis 30.05.)Aufschlag f\u00fcr &#8230;<\/p>\n","protected":false},"author":1,"featured_media":0,"parent":15,"menu_order":0,"comment_status":"closed","ping_status":"closed","template":"","meta":{"ngg_post_thumbnail":0,"footnotes":""},"class_list":["post-1535","page","type-page","status-publish","hentry"],"_links":{"self":[{"href":"https:\/\/usc-triathlon.de\/wp2\/wp-json\/wp\/v2\/pages\/1535","targetHints":{"allow":["GET"]}}],"collection":[{"href":"https:\/\/usc-triathlon.de\/wp2\/wp-json\/wp\/v2\/pages"}],"about":[{"href":"https:\/\/usc-triathlon.de\/wp2\/wp-json\/wp\/v2\/types\/page"}],"author":[{"embeddable":true,"href":"https:\/\/usc-triathlon.de\/wp2\/wp-json\/wp\/v2\/users\/1"}],"replies":[{"embeddable":true,"href":"https:\/\/usc-triathlon.de\/wp2\/wp-json\/wp\/v2\/comments?post=1535"}],"version-history":[{"count":9,"href":"https:\/\/usc-triathlon.de\/wp2\/wp-json\/wp\/v2\/pages\/1535\/revisions"}],"predecessor-version":[{"id":2952,"href":"https:\/\/usc-triathlon.de\/wp2\/wp-json\/wp\/v2\/pages\/1535\/revisions\/2952"}],"up":[{"embeddable":true,"href":"https:\/\/usc-triathlon.de\/wp2\/wp-json\/wp\/v2\/pages\/15"}],"wp:attachment":[{"href":"https:\/\/usc-triathlon.de\/wp2\/wp-json\/wp\/v2\/media?parent=1535"}],"curies":[{"name":"wp","href":"https:\/\/api.w.org\/{rel}","templated":true}]}}