{"id":1491,"date":"2019-12-20T18:48:32","date_gmt":"2019-12-20T17:48:32","guid":{"rendered":"http:\/\/usc-triathlon.de\/wp2\/?page_id=1491"},"modified":"2026-01-23T13:22:59","modified_gmt":"2026-01-23T12:22:59","slug":"haftungs-und-wettkampfbestimmungen","status":"publish","type":"page","link":"https:\/\/usc-triathlon.de\/wp2\/der-uni-triathlon\/haftungs-und-wettkampfbestimmungen\/","title":{"rendered":"Haftungs- und Wettkampfbestimmungen"},"content":{"rendered":"\n<p><strong>Allgemeines<\/strong><\/p>\n\n\n\n<p>Mit der Teilnahme am 36. SPARKASSEN UNI-TRIATHLON Magdeburg (10.06.2026) werden die Haftungs- und Wettkampfbestimmungen des Veranstalters sowie die Durchf\u00fchrung des Wettkampfes nach den Regeln und Bestimmungen der Deutschen Triathlon-Union anerkannt. Jeder teilnehmende Wettk\u00e4mpfer, der sich anmeldet, erkl\u00e4rt, dass er mit den geltenden Regeln des Triathlonsports in Deutschland vertraut ist und diese im Wettkampf einhalten wird.<\/p>\n\n\n\n<p>Jedem Wettk\u00e4mpfer, der am 36. SPARKASSEN UNI-TRIATHLON Magdeburg teilnimmt, sind die damit verbundenen Gefahren bekannt. Er nimmt diese aber wegen des sportlichen Vergn\u00fcgens, der Spannung oder auch der Freude an der Gefahr in Kauf. Jeder Teilnehmer des Wettkampfs darf daher darauf vertrauen, nicht wegen einem Mitbewerber zugef\u00fcgter Sch\u00e4den in Haftung genommen zu werden, die er ohne nennenswerte Regelverletzung aufgrund der typischen Risikolagen des Wettbewerbs verursacht. Die Geltendmachung solcher Sch\u00e4den steht damit erkennbar in Widerspruch und muss nach Treu und Glauben nicht hingenommen werden. Dies gilt vor allem auch dann, wenn kein Versicherungsschutz der einen oder anderen Partei besteht.<\/p>\n\n\n\n<p>Weiterhin erkl\u00e4rt mit seiner der Anmeldung jeder Wettk\u00e4mpfer, dass er nur gesund und ausreichend trainiert an den Start gehen wird und er sich im Wettkampf an die Bestimmungen der Strassenverkehrsordnung halten wird, sofern nicht Teile davon vom Landesverwaltungsamt Sachsen-Anhalt, ausser Kraft gesetzt worden. In diesem Falle erfolgt eine Mitteilung des Veranstalters an alle teilnehmenden Wettk\u00e4mpfer.<\/p>\n\n\n\n<p>Jedem Wettk\u00e4mpfer ist bekannt, dass er f\u00fcr den technischen Zustandes seines Rades eigenverantwortlich ist und dass er aus dem Rennen genommen werden kann, wenn er Gefahr l\u00e4uft, sich gesundheitlich zu sch\u00e4digen. Mit seiner Anmeldung erkl\u00e4rt sich jeder damit einverstanden, dass Fotos, Filmaufnahmen, Interviews in Rundfunk und Fernsehen, Werbung, B\u00fcchern, fotomechanischen Vervielf\u00e4ltigungen zu seiner Person ohne Verg\u00fctungsanspruch ver\u00f6ffentlich werden k\u00f6nnen.<\/p>\n\n\n\n<p>Mit seiner Anmeldung best\u00e4tigt jeder Sportfreund ausdr\u00fccklich die Richtigkeit aller von ihm angegebenen Daten und versichert, das seine Startnummer an keine andere Person weitergegeben wird.<\/p>\n\n\n\n<p><strong>Disqualifizierung<\/strong><\/p>\n\n\n\n<p>Ein Teilnehmer kann disqualifiziert werden wenn:<\/p>\n\n\n\n<ul class=\"wp-block-list\">\n<li>er von einem Kampfrichter des Landesverbandes wegen Nichteinhaltung der geltenden Regeln oder nach mehrmaliger Verwarnung disqualifiziert wird.<\/li>\n\n\n\n<li>festgestellt wird, dass Daten zur Person des Teilnehmers wissentlich falsch angegeben wurden, insbesondere zum Alter und Geschlecht<\/li>\n\n\n\n<li>er sich unsportlich gegen\u00fcber anderen Personen am Wettkampftag verh\u00e4lt und damit Gefahr f\u00fcr Gesundheit und\/oder Ausr\u00fcstung anderer Teilnehmer bzw. des Veranstalters besteht.<\/li>\n\n\n\n<li>er die offizielle Startnummer in irgendeiner Weise verhindert, insbesondere Werbeaufdrucke unsichtbar oder unkenntlich macht, falls vorhanden<\/li>\n<\/ul>\n\n\n\n<p><strong>Haftung des Veranstalter<\/strong><\/p>\n\n\n\n<p>Der Veranstalter haftet nicht f\u00fcr Sch\u00e4den, die an Gesundheit des Teilnehmers oder an der Ausr\u00fcstung des Teilnehmers am Wettkampftag ohne Verschulden des Veranstalters entstehen. Ein Anspruch auf Ersatz oder Wiederherstellung des Wettk\u00e4mpfers gegen\u00fcber dem Veranstalter besteht nicht.<\/p>\n\n\n\n<p><strong>Anspruch auf R\u00fcckerstattung der Startgeb\u00fchr<\/strong><\/p>\n\n\n\n<p>Mit seiner Online-Anmeldung erh\u00e4lt der Teilnehmer eine Best\u00e4tigungsmail, die einen Best\u00e4tigungslink enth\u00e4lt. Nachdem er diesen Best\u00e4tigungslink aufgerufen hat, bzw. das Startgeld beim Veranstalter auf dem Konto eingegangen ist, wird seine Anmeldung bindend. Ein R\u00fccktritt von der Anmeldung ist dann nur noch innerhalb von 14 Tagen ab diesem Datum m\u00f6glich. Nach Ablauf der 14t\u00e4gigen Frist kann im Falle eines R\u00fccktritts des Teilnehmers von der Anmeldung die Startgeb\u00fchr nicht mehr zur\u00fcckerstattet werden.<\/p>\n\n\n\n<p>Dies gilt auch f\u00fcr Nichtteilnahme wegen Erkrankung oder Verletzung des Teilnehmers.<br>Die \u00dcberweisung und Eingang der Teilnahmegeb\u00fchr des angemeldeten Teilnehmers ist gleichzusetzen mit dem Aufruf des Best\u00e4tigungslink und zieht denselben folgenden Verfahrensweg nach sich (14-t\u00e4tiges R\u00fccktrittsrecht).<\/p>\n\n\n\n<p>Erfolgt die Anmeldung weniger als 14 Tage vor dem Wettkampf, ist ein kostenfreier R\u00fccktritt nur innerhalb von 24h nach Anmeldung m\u00f6glich.<\/p>\n\n\n\n<p><strong>Das Tragen von Badekappen\/Schwimmm\u00fctzen<\/strong><\/p>\n\n\n\n<p>Wird vom Veranstalter eine Badekappe\/Schwimmm\u00fctze gestellt, muss der Triathlet diese w\u00e4hrend des Schwimmens tragen. Darunter kann er aber auch noch eine eigene Schwimm-Haube tragen.<\/p>\n\n\n\n<p><strong>Absage oder Wandlung der Veranstaltung<\/strong><\/p>\n\n\n\n<p>Der Veranstalter beh\u00e4lt sich das Recht vor die Veranstaltung in folgenden F\u00e4llen abzusagen:<\/p>\n\n\n\n<ul class=\"wp-block-list\">\n<li>Wegen zu geringer Beteiligung am Wettkampf<\/li>\n\n\n\n<li>Wegen schlechten Wetters und sonstigen unvorhersehbaren Ereignissen, vor allem wenn Gefahr f\u00fcr Gesundheit und Leben der Wettk\u00e4mpfer besteht.<\/li>\n\n\n\n<li>Wegen h\u00f6herer Gewalt (z.B. Naturereignisse wie Hochwasser, gesundheitsgef\u00e4hrdende Unwetter u.dgl.)<\/li>\n\n\n\n<li>Wenn die erforderlichen Genehmigungen durch das Landesverwaltungsamt Sachsen-Anhalt bzw. sonstige beh\u00f6rdliche Genehmigungen, die zur Durchf\u00fchrung des Wettkampfes erforderlich sind, nicht erteilt werden sollten.<\/li>\n<\/ul>\n\n\n\n<p>Bei wetterbedingter Absage am Wettkampftag bzw. wenn die Absage aus Gr\u00fcnden der Gefahr f\u00fcr die Gesundheit und Leben der Wettk\u00e4mpfer besteht, erfolgt keine R\u00fcckerstattung der Startgeb\u00fchr. Gleiches gilt f\u00fcr eine kurzfristige Absage der Veranstaltung am Wettkampftag.<\/p>\n\n\n\n<p>Findet die Veranstaltung am Wettkampftag aus beh\u00f6rdlichen oder sonstigen wichtigen Gr\u00fcnden nicht und ohne Ausweichtermin statt, werden 50% des Teilnehmerbetrages zur\u00fcckerstattet. Bei einer Terminverschiebung des Wettkampfes aus wichtigem Grunde erhalten alle diejenigen, die nach Bekanntgabe des neuen Termins innerhalb von 7 Tagen dem Veranstalter schriftlich oder m\u00fcndlich mitteilen, dass sie den neuen Termin nicht wahrnehmen k\u00f6nnen, 50% der Startgeb\u00fchr zur\u00fcck. Nach Ablauf der 7 Tage, ist ein kostenfreier R\u00fccktritt nicht mehr mm\u00f6glich.<\/p>\n\n\n\n<p>Weiterhin beh\u00e4lt sich der Veranstalter das Recht vor, die Veranstaltung zu wandeln (z.B. von einem Triathlon in einen Duathlon oder Ambathlon), wenn es die \u00f6rtlichen Gegebenheiten erfordern. Eine Reduzierung oder R\u00fcckerstattung der Startgeb\u00fchr erfolgt in diesem Falle nicht.<\/p>\n\n\n\n<p><strong>Hygienekonzept \/ Coronaregeln:<\/strong><br>Der Wettbewerb wird unter Ber\u00fccksichtigung der aktuell geltenden Regelungen der Landesregierung Sachsen-Anhalt durchgef\u00fchrt:&nbsp;<br><strong><a href=\"https:\/\/coronavirus.sachsen-anhalt.de\/amtliche-informationen\/\" target=\"_blank\" rel=\"noreferrer noopener\">https:\/\/coronavirus.sachsen-anhalt.de\/amtliche-informationen\/<\/a><\/strong><\/p>\n\n\n<p><!--StartFragment--><\/p>\n\n\n<p><strong>Datenschutzhinweis f\u00fcr die Fotografie auf der Veranstaltung<\/strong><br><em>Um welche Daten geht es konkret?<\/em><br>Im Rahmen des 36. SPARKASSEN UNI-TRIATHLON Magdeburg werden Fotos angefertigt, welche personenbezogene Daten nach Art. 4 Nr. 2 DSGVO darstellen.<\/p>\n\n\n\n<p><em>F\u00fcr welchen Zweck werden die Fotos angefertigt und welcher auf Basis welcher Grundlage geschieht dies?<\/em><br>Die Fotographie w\u00e4hrend des 36. SPARKASSEN UNI-TRIATHLON Magdeburg geschieht im Einklang mit der Datenschutzgrundverordnung.<\/p>\n\n\n\n<p>Zur Wahrnehmung einer Aufgabe, welche im \u00f6ffentlichen Interesse liegt (Art 6 Nr 1 f):<br>Die angefertigten Fotos werden im Rahmen der Informations- und \u00d6ffentlichkeitsarbeit verwendet.<\/p>\n\n\n\n<p>Dabei stehen folgende Zwecke im Vordergrund:<br>&#8211; Die Verwendung in Pressemitteilungen<br>&#8211; Das Anfertigen von Ank\u00fcndingungs- und Informationsflyern f\u00fcr kommende UNI TRIATHLONS<br>&#8211; Ver\u00f6ffentlichung auf der Website www.uni-triathlon.de<\/p>\n\n\n\n<p><em>Wer bekommt Zugriff auf die Fotographien?<\/em><br>Innerhalb des Teams des 36. SPARKASSEN UNI-TRIATHLON Magdeburg bekommen nur die Mitarbeiter*nnen Zugriff auf die Fotos, die diesen ben\u00f6tigen um die oben genannten Verarbeitungszwecke auszuf\u00fchren. In diesem Rahmen werden die Fotos au\u00dferdem auf den Webseiten der Universit\u00e4t und auf www.uni-triathlon.de ver\u00f6ffentlicht, sowie in Form von Pressemitteilungen verf\u00fcgbar gemacht.<\/p>\n\n\n\n<p><em>Wie lange werden die Fotos gespeichert?<\/em><br>F\u00fcr den 36. SPARKASSEN UNI-TRIATHLON Magdeburg besteht eine beabsichtigte Speicherdauer von 5 Jahren.<\/p>\n\n\n<p><!--EndFragment--><\/p>","protected":false},"excerpt":{"rendered":"<p>Allgemeines Mit der Teilnahme am 36. SPARKASSEN UNI-TRIATHLON Magdeburg (10.06.2026) werden die Haftungs- und Wettkampfbestimmungen des Veranstalters sowie die Durchf\u00fchrung des Wettkampfes nach den Regeln und Bestimmungen der Deutschen Triathlon-Union &#8230;<\/p>\n","protected":false},"author":1,"featured_media":0,"parent":15,"menu_order":1,"comment_status":"closed","ping_status":"closed","template":"","meta":{"ngg_post_thumbnail":0,"footnotes":""},"class_list":["post-1491","page","type-page","status-publish","hentry"],"_links":{"self":[{"href":"https:\/\/usc-triathlon.de\/wp2\/wp-json\/wp\/v2\/pages\/1491","targetHints":{"allow":["GET"]}}],"collection":[{"href":"https:\/\/usc-triathlon.de\/wp2\/wp-json\/wp\/v2\/pages"}],"about":[{"href":"https:\/\/usc-triathlon.de\/wp2\/wp-json\/wp\/v2\/types\/page"}],"author":[{"embeddable":true,"href":"https:\/\/usc-triathlon.de\/wp2\/wp-json\/wp\/v2\/users\/1"}],"replies":[{"embeddable":true,"href":"https:\/\/usc-triathlon.de\/wp2\/wp-json\/wp\/v2\/comments?post=1491"}],"version-history":[{"count":9,"href":"https:\/\/usc-triathlon.de\/wp2\/wp-json\/wp\/v2\/pages\/1491\/revisions"}],"predecessor-version":[{"id":2949,"href":"https:\/\/usc-triathlon.de\/wp2\/wp-json\/wp\/v2\/pages\/1491\/revisions\/2949"}],"up":[{"embeddable":true,"href":"https:\/\/usc-triathlon.de\/wp2\/wp-json\/wp\/v2\/pages\/15"}],"wp:attachment":[{"href":"https:\/\/usc-triathlon.de\/wp2\/wp-json\/wp\/v2\/media?parent=1491"}],"curies":[{"name":"wp","href":"https:\/\/api.w.org\/{rel}","templated":true}]}}